{"id":87,"date":"2023-12-28T16:22:23","date_gmt":"2023-12-28T15:22:23","guid":{"rendered":"https:\/\/elianbeak.de\/?page_id=87"},"modified":"2025-11-28T16:56:41","modified_gmt":"2025-11-28T15:56:41","slug":"home","status":"publish","type":"page","link":"https:\/\/elianbeak.de\/","title":{"rendered":"Home"},"content":{"rendered":"\n<div class=\"wp-block-group alignfull has-accent-2-background-color has-background has-global-padding\" style=\"margin-top:0;margin-bottom:0;padding-top:var(--wp--preset--spacing--50);padding-right:var(--wp--preset--spacing--50);padding-bottom:var(--wp--preset--spacing--50);padding-left:var(--wp--preset--spacing--50)\"><div class=\"wp-block-group__inner-container is-layout-constrained wp-container-core-group-is-layout-1 wp-block-group-is-layout-constrained\">\n<div class=\"wp-block-columns alignwide is-layout-flex wp-container-core-columns-is-layout-1 wp-block-columns-is-layout-flex\">\n<div class=\"wp-block-column is-layout-flow wp-block-column-is-layout-flow\" style=\"flex-basis:40%\">\n<p class=\"wp-container-content-1\">Kunstgalerie&nbsp;\u2013 \u00dcbersicht<\/p>\n<\/div>\n\n\n\n<div class=\"wp-block-column is-layout-flow wp-block-column-is-layout-flow\" style=\"flex-basis:60%\">\n<p class=\"has-heading-font-family has-x-large-font-size\" style=\"line-height:1.2\">Dieses transformative Projekt soll die Infrastruktur, die Zug\u00e4nglichkeit und die Ausstellungsr\u00e4ume der Galerie verbessern und gleichzeitig ihr reiches kulturelles Erbe bewahren.<\/p>\n<\/div>\n<\/div>\n\n\n\n<div style=\"height:var(--wp--preset--spacing--40)\" aria-hidden=\"true\" class=\"wp-block-spacer\"><\/div>\n\n\n\n<figure class=\"wp-block-image alignwide size-large is-style-rounded is-style-rounded--30ef71358f05101f6fa71251d1b22d87\"><img decoding=\"async\" src=\"https:\/\/elianbeak.de\/wp-content\/themes\/oxygen-is-not-a-theme\/assets\/images\/hotel-facade.webp\" alt=\"Hyatt Regency San Francisco, San Francisco, Vereinigte Staaten\"\/><\/figure>\n<\/div><\/div>\n\n\n\n<div class=\"wp-block-group alignfull has-base-background-color has-background has-global-padding\" style=\"margin-top:0;margin-bottom:0;padding-top:var(--wp--preset--spacing--50);padding-right:var(--wp--preset--spacing--50);padding-bottom:var(--wp--preset--spacing--50);padding-left:var(--wp--preset--spacing--50)\"><div class=\"wp-block-group__inner-container is-layout-constrained wp-container-core-group-is-layout-2 wp-block-group-is-layout-constrained\">\n<div class=\"wp-block-columns alignwide is-layout-flex wp-container-core-columns-is-layout-3 wp-block-columns-is-layout-flex\">\n<div class=\"wp-block-column has-global-padding is-content-justification-left is-layout-constrained wp-container-core-column-is-layout-3 wp-block-column-is-layout-constrained\" style=\"flex-basis:40%\">\n<p>Die wiederbelebte Kunstgalerie wird die Kulturlandschaft neu definieren.<\/p>\n<\/div>\n\n\n\n<div class=\"wp-block-column is-layout-flow wp-container-core-column-is-layout-6 wp-block-column-is-layout-flow\" style=\"flex-basis:60%\">\n<p class=\"has-heading-font-family has-x-large-font-size\" style=\"line-height:1.2\">Mit viel Liebe zum Detail und einer Verpflichtung zu Spitzenleistungen schaffen wir R\u00e4ume, die das Leben der Menschen, die sie bewohnen, inspirieren, aufwerten und bereichern.<\/p>\n\n\n\n<div class=\"wp-block-columns is-layout-flex wp-container-core-columns-is-layout-2 wp-block-columns-is-layout-flex\">\n<div class=\"wp-block-column is-layout-flow wp-block-column-is-layout-flow\">\n<p class=\"wp-container-content-2\">Die wiederbelebte Kunstgalerie wird die kulturelle Landschaft Torontos neu definieren und als Knotenpunkt f\u00fcr k\u00fcnstlerischen Ausdruck, gesellschaftliches Engagement und architektonisches Wunderwerk dienen. Das Erweiterungs- und Renovierungsprojekt ist eine Hommage an die reiche Geschichte der Kunstgalerie und gleichzeitig ein Blick in die Zukunft, damit die Galerie ein Leuchtturm der Inspiration bleibt.<\/p>\n<\/div>\n\n\n\n<div class=\"wp-block-column is-layout-flow wp-block-column-is-layout-flow\">\n<p>Die wiederbelebte Kunstgalerie wird die kulturelle Landschaft Torontos neu definieren und als Knotenpunkt f\u00fcr k\u00fcnstlerischen Ausdruck, gesellschaftliches Engagement und architektonisches Wunderwerk dienen. Das Erweiterungs- und Renovierungsprojekt ist eine Hommage an die reiche Geschichte der Kunstgalerie und gleichzeitig ein Blick in die Zukunft, damit die Galerie ein Leuchtturm der Inspiration bleibt.<\/p>\n<\/div>\n<\/div>\n<\/div>\n<\/div>\n<\/div><\/div>\n\n\n\n<div class=\"wp-block-cover alignfull is-light has-parallax\" style=\"padding-top:var(--wp--preset--spacing--50);padding-right:var(--wp--preset--spacing--50);padding-bottom:var(--wp--preset--spacing--50);padding-left:var(--wp--preset--spacing--50);min-height:100vh;aspect-ratio:unset;\"><span aria-hidden=\"true\" class=\"wp-block-cover__background has-base-background-color has-background-dim-0 has-background-dim\"><\/span><div role=\"img\" class=\"wp-block-cover__image-background has-parallax\" style=\"background-position:50% 50%;background-image:url(https:\/\/elianbeak.de\/wp-content\/themes\/oxygen-is-not-a-theme\/assets\/images\/art-gallery.webp)\"><\/div><div class=\"wp-block-cover__inner-container has-global-padding is-layout-constrained wp-container-core-cover-is-layout-1 wp-block-cover-is-layout-constrained\">\n<div style=\"height:500px\" aria-hidden=\"true\" class=\"wp-block-spacer\"><\/div>\n<\/div><\/div>\n\n\n\n<div class=\"wp-block-group alignfull has-base-2-background-color has-background has-global-padding\" style=\"margin-top:0;margin-bottom:0;padding-top:var(--wp--preset--spacing--60);padding-right:var(--wp--preset--spacing--60);padding-bottom:var(--wp--preset--spacing--60);padding-left:var(--wp--preset--spacing--60)\"><div class=\"wp-block-group__inner-container is-layout-constrained wp-container-core-group-is-layout-4 wp-block-group-is-layout-constrained\">\n<div class=\"wp-block-group alignwide\"><div class=\"wp-block-group__inner-container is-layout-flow wp-block-group-is-layout-flow\">\n<div style=\"height:var(--wp--preset--spacing--50)\" aria-hidden=\"true\" class=\"wp-block-spacer\"><\/div>\n\n\n\n<p class=\"has-text-align-center has-heading-font-family has-x-large-font-size\" style=\"font-style:normal;font-weight:400;line-height:1.2\"><em>\u00c9tudes<\/em> ist nicht auf die Vergangenheit beschr\u00e4nkt - wir interessieren uns leidenschaftlich f\u00fcr die modernsten Designs, die unsere Welt heute pr\u00e4gen.<\/p>\n\n\n\n<div style=\"height:var(--wp--preset--spacing--50)\" aria-hidden=\"true\" class=\"wp-block-spacer\"><\/div>\n<\/div><\/div>\n<\/div><\/div>\n\n\n\n<div class=\"wp-block-group alignfull has-base-2-color has-contrast-background-color has-text-color has-background has-link-color wp-elements-86aedf330122d7885c47bca8e98b07eb has-global-padding\" style=\"margin-top:0;margin-bottom:0;padding-top:var(--wp--preset--spacing--50);padding-right:var(--wp--preset--spacing--50);padding-bottom:var(--wp--preset--spacing--50);padding-left:var(--wp--preset--spacing--50)\"><div class=\"wp-block-group__inner-container is-layout-constrained wp-container-core-group-is-layout-8 wp-block-group-is-layout-constrained\">\n<div class=\"wp-block-columns alignwide is-layout-flex wp-container-core-columns-is-layout-4 wp-block-columns-is-layout-flex\">\n<div class=\"wp-block-column is-vertically-aligned-stretch is-layout-flow wp-block-column-is-layout-flow\" style=\"padding-right:0;flex-basis:60%\">\n<div class=\"wp-block-group is-vertical is-content-justification-stretch is-layout-flex wp-container-core-group-is-layout-5 wp-block-group-is-layout-flex\" style=\"min-height:100%\">\n<figure class=\"wp-block-image size-large is-style-rounded is-style-rounded--40f865f43cacd87d38c236d5b62f1b31\"><img decoding=\"async\" src=\"https:\/\/elianbeak.de\/wp-content\/themes\/oxygen-is-not-a-theme\/assets\/images\/angular-roof.webp\" alt=\"Eine leere Treppe unter einem kantigen Dach in Darling Harbour, Sydney, Australien\" style=\"aspect-ratio:9\/16;object-fit:cover\"\/><\/figure>\n\n\n\n<p class=\"has-medium-font-size\">1. Mit \u00c9tudes wollen wir die Grenzen der Architektur neu definieren und eine neue \u00c4ra des Designs einl\u00e4uten, die die gebaute Umwelt unausl\u00f6schlich pr\u00e4gt.<\/p>\n<\/div>\n<\/div>\n\n\n\n<div class=\"wp-block-column is-layout-flow wp-block-column-is-layout-flow\" style=\"flex-basis:40%\">\n<div class=\"wp-block-group has-global-padding\"><div class=\"wp-block-group__inner-container is-layout-constrained wp-block-group-is-layout-constrained\">\n<p class=\"has-large-font-size\" style=\"font-style:normal;font-weight:500;line-height:1.2\">Unser umfassendes Angebot an professionellen Dienstleistungen richtet sich an eine breit gef\u00e4cherte Kundschaft, die von Eigenheimbesitzern bis hin zu gewerblichen Bautr\u00e4gern reicht. Mit seinem Engagement f\u00fcr Innovation und Nachhaltigkeit ist \u00c9tudes die Br\u00fccke, die architektonische Tr\u00e4ume in bemerkenswerte gebaute Realit\u00e4ten verwandelt.<\/p>\n\n\n\n<div style=\"height:var(--wp--preset--spacing--40)\" aria-hidden=\"true\" class=\"wp-block-spacer\"><\/div>\n\n\n\n<div class=\"wp-block-group\"><div class=\"wp-block-group__inner-container is-layout-flow wp-block-group-is-layout-flow\">\n<p class=\"has-medium-font-size\">2. Fallstudien, in denen die Kunstfertigkeit gew\u00fcrdigt wird, k\u00f6nnen die Neugierde wecken und die Inspiration anregen.<\/p>\n\n\n\n<figure class=\"wp-block-image size-large is-style-rounded is-style-rounded--d9c3a44866cb8a741776ec0470b0b7e5\"><img decoding=\"async\" src=\"https:\/\/elianbeak.de\/wp-content\/themes\/oxygen-is-not-a-theme\/assets\/images\/art-gallery.webp\" alt=\"Kunstgalerie von Ontario, Toronto, Kanada\" style=\"aspect-ratio:9\/16;object-fit:cover\"\/><\/figure>\n<\/div><\/div>\n<\/div><\/div>\n<\/div>\n<\/div>\n<\/div><\/div>\n","protected":false},"excerpt":{"rendered":"<p>Kunstgalerie&nbsp;\u2013 \u00dcbersicht Dieses transformative Projekt soll die Infrastruktur, die Zug\u00e4nglichkeit und die Ausstellungsr\u00e4ume der Galerie verbessern und gleichzeitig ihr reiches kulturelles Erbe bewahren. Die wiederbelebte Kunstgalerie wird die Kulturlandschaft neu definieren. Mit viel Liebe zum Detail und einer Verpflichtung zu Spitzenleistungen schaffen wir R\u00e4ume, die das Leben der Menschen, die sie bewohnen, inspirieren, aufwerten und [&hellip;]<\/p>\n","protected":false},"author":1,"featured_media":0,"parent":0,"menu_order":0,"comment_status":"closed","ping_status":"closed","template":"","meta":{"om_disable_all_campaigns":false,"_monsterinsights_skip_tracking":false,"_monsterinsights_sitenote_active":false,"_monsterinsights_sitenote_note":"","_monsterinsights_sitenote_category":0,"_uf_show_specific_survey":0,"_uf_disable_surveys":false,"footnotes":""},"class_list":["post-87","page","type-page","status-publish","hentry"],"aioseo_notices":[],"_links":{"self":[{"href":"https:\/\/elianbeak.de\/index.php?rest_route=\/wp\/v2\/pages\/87"}],"collection":[{"href":"https:\/\/elianbeak.de\/index.php?rest_route=\/wp\/v2\/pages"}],"about":[{"href":"https:\/\/elianbeak.de\/index.php?rest_route=\/wp\/v2\/types\/page"}],"author":[{"embeddable":true,"href":"https:\/\/elianbeak.de\/index.php?rest_route=\/wp\/v2\/users\/1"}],"replies":[{"embeddable":true,"href":"https:\/\/elianbeak.de\/index.php?rest_route=%2Fwp%2Fv2%2Fcomments&post=87"}],"version-history":[{"count":3,"href":"https:\/\/elianbeak.de\/index.php?rest_route=\/wp\/v2\/pages\/87\/revisions"}],"predecessor-version":[{"id":129,"href":"https:\/\/elianbeak.de\/index.php?rest_route=\/wp\/v2\/pages\/87\/revisions\/129"}],"wp:attachment":[{"href":"https:\/\/elianbeak.de\/index.php?rest_route=%2Fwp%2Fv2%2Fmedia&parent=87"}],"curies":[{"name":"wp","href":"https:\/\/api.w.org\/{rel}","templated":true}]}}